{"id":3532,"date":"2023-12-06T13:27:15","date_gmt":"2023-12-06T13:27:15","guid":{"rendered":"https:\/\/golfstarcambrils.se\/jugar\/"},"modified":"2026-01-07T17:04:11","modified_gmt":"2026-01-07T17:04:11","slug":"jugar","status":"publish","type":"page","link":"https:\/\/golfstarcambrils.se\/es\/jugar\/","title":{"rendered":"JUGAR"},"content":{"rendered":"<p><div class=\"fusion-fullwidth fullwidth-box fusion-builder-row-1 fusion-flex-container has-pattern-background has-mask-background fusion-parallax-none nonhundred-percent-fullwidth hundred-percent-height hundred-percent-height-center-content non-hundred-percent-height-scrolling lazyload\" style=\"--link_hover_color: var(--awb-color5);--link_color: rgba(50,105,255,0);--awb-background-position:center top;--awb-background-blend-mode:overlay;--awb-border-color:var(--awb-color1);--awb-border-radius-top-left:0px;--awb-border-radius-top-right:0px;--awb-border-radius-bottom-right:0px;--awb-border-radius-bottom-left:0px;--awb-padding-top-medium:185px;--awb-padding-top-small:150px;--awb-padding-right-small:20px;--awb-padding-left-small:20px;--awb-margin-bottom-medium:0px;--awb-margin-bottom-small:0px;--awb-background-color:rgba(197,170,146,0);--awb-background-image:linear-gradient(0deg, rgba(12,15,15,0.57) 100%,rgba(4,9,34,0) 0%);;--awb-background-size:cover;--awb-flex-wrap:wrap;\" data-bg=\"https:\/\/golfstarcambrils.se\/wp-content\/uploads\/2023\/12\/cambrils-3-scaled.jpg\" data-bg-gradient=\"linear-gradient(0deg, rgba(12,15,15,0.57) 100%,rgba(4,9,34,0) 0%)\" ><div class=\"awb-background-pattern\" style=\"background-image:  url();opacity: 0.15 ;background-size:3%;mix-blend-mode:normal;\"><\/div><div class=\"fusion-builder-row fusion-row fusion-flex-align-items-flex-start fusion-flex-content-wrap\" style=\"max-width:1248px;margin-left: calc(-4% \/ 2 );margin-right: calc(-4% \/ 2 );\"><div class=\"fusion-layout-column fusion_builder_column fusion-builder-column-0 fusion_builder_column_1_1 1_1 fusion-flex-column fusion-animated\" style=\"--awb-padding-bottom-medium:0px;--awb-bg-size:cover;--awb-width-large:100%;--awb-margin-top-large:300px;--awb-spacing-right-large:1.92%;--awb-margin-bottom-large:80px;--awb-spacing-left-large:0px;--awb-width-medium:66.666666666667%;--awb-order-medium:0;--awb-spacing-right-medium:2.88%;--awb-spacing-left-medium:20px;--awb-width-small:100%;--awb-order-small:0;--awb-margin-top-small:100px;--awb-spacing-right-small:1.92%;--awb-margin-bottom-small:50px;--awb-spacing-left-small:20px;\" data-animationType=\"fadeInRight\" data-animationDuration=\"1.3\" data-animationOffset=\"top-into-view\" data-scroll-devices=\"small-visibility,medium-visibility,large-visibility\"><div class=\"fusion-column-wrapper fusion-column-has-shadow fusion-flex-justify-content-flex-start fusion-content-layout-column\"><div class=\"fusion-title title fusion-title-1 fusion-no-small-visibility fusion-sep-none fusion-title-text fusion-title-size-one\" style=\"--awb-text-color:var(--awb-color1);--awb-margin-bottom:30px;--awb-font-size:var(--awb-typography1-font-size);\"><h1 class=\"fusion-title-heading title-heading-left\" style=\"font-family:&quot;Barlow&quot;;font-style:normal;font-weight:300;margin:0;font-size:1em;letter-spacing:var(--awb-typography1-letter-spacing);text-transform:var(--awb-typography1-text-transform);line-height:var(--awb-typography1-line-height);\">Desarrolle su juego corto<\/h1><\/div><div class=\"fusion-title title fusion-title-2 fusion-no-medium-visibility fusion-no-large-visibility fusion-sep-none fusion-title-text fusion-title-size-one\" style=\"--awb-text-color:var(--awb-color1);--awb-margin-bottom:30px;--awb-font-size:24px;\"><h1 class=\"fusion-title-heading title-heading-left\" style=\"font-family:&quot;Barlow&quot;;font-style:normal;font-weight:300;margin:0;font-size:1em;letter-spacing:var(--awb-typography1-letter-spacing);text-transform:var(--awb-typography1-text-transform);line-height:var(--awb-typography1-line-height);\">Desarrolle su juego corto<\/h1><\/div><div style=\"text-align:center;\"><a class=\"fusion-button button-flat button-large button-custom fusion-button-default button-1 fusion-button-default-span fusion-button-default-type\" style=\"--button_accent_color:var(--awb-color1);--button_border_color:var(--awb-custom_color_2);--button_accent_hover_color:var(--awb-color1);--button_border_hover_color:var(--awb-color1);--button-border-radius-top-left:8px;--button-border-radius-top-right:8px;--button-border-radius-bottom-right:8px;--button-border-radius-bottom-left:8px;--button_gradient_top_color:var(--awb-custom_color_2);--button_gradient_bottom_color:var(--awb-custom_color_2);--button_gradient_top_color_hover:hsla(var(--awb-color5-h),calc(var(--awb-color5-s) - 5%),calc(var(--awb-color5-l) - 10%),var(--awb-color5-a));--button_gradient_bottom_color_hover:hsla(var(--awb-color5-h),calc(var(--awb-color5-s) - 5%),calc(var(--awb-color5-l) - 10%),var(--awb-color5-a));--button_text_transform:none;--button_typography-letter-spacing:1px;--button_typography-font-family:&quot;Barlow&quot;;--button_typography-font-style:normal;--button_typography-font-weight:700;--button_margin-top:20px;--button_margin-bottom:60px;\" target=\"_self\" title=\"GolfStar Cambrils\" aria-label=\"GolfStar Cambrils\" href=\"https:\/\/golfstarcambrils.golfmanager.com\/consumer\/ebookings?i=1&amp;resourcetype=1\"><i class=\"fa-clock fas button-icon-left\" aria-hidden=\"true\"><\/i><span class=\"fusion-button-text\">TIDSBOKNING<\/span><\/a><\/div>\n<\/div><\/div><\/div><\/div><div class=\"fusion-fullwidth fullwidth-box fusion-builder-row-2 fusion-flex-container has-pattern-background has-mask-background nonhundred-percent-fullwidth non-hundred-percent-height-scrolling\" style=\"--awb-background-position:left top;--awb-border-sizes-top:0px;--awb-border-sizes-bottom:0px;--awb-border-sizes-left:0px;--awb-border-sizes-right:0px;--awb-border-radius-top-left:0px;--awb-border-radius-top-right:0px;--awb-border-radius-bottom-right:0px;--awb-border-radius-bottom-left:0px;--awb-padding-top:50px;--awb-padding-bottom:50px;--awb-padding-top-medium:90px;--awb-padding-bottom-medium:90px;--awb-padding-top-small:49px;--awb-padding-bottom-small:0px;--awb-margin-bottom-medium:0px;--awb-background-color:var(--awb-color1);--awb-flex-wrap:wrap;\" ><div class=\"fusion-builder-row fusion-row fusion-flex-align-items-stretch fusion-flex-justify-content-center fusion-flex-content-wrap\" style=\"max-width:calc( 1200px + 100px );margin-left: calc(-100px \/ 2 );margin-right: calc(-100px \/ 2 );\"><div class=\"fusion-layout-column fusion_builder_column fusion-builder-column-1 fusion_builder_column_3_4 3_4 fusion-flex-column fusion-flex-align-self-flex-start fusion-column-no-min-height fusion-animated\" style=\"--awb-bg-blend:overlay;--awb-bg-size:cover;--awb-width-large:75%;--awb-margin-top-large:0px;--awb-spacing-right-large:50px;--awb-margin-bottom-large:20px;--awb-spacing-left-large:50px;--awb-width-medium:80%;--awb-spacing-right-medium:50px;--awb-spacing-left-medium:50px;--awb-width-small:100%;--awb-spacing-right-small:50px;--awb-margin-bottom-small:1px;--awb-spacing-left-small:50px;\" data-animationType=\"fadeIn\" data-animationDuration=\"0.8\" data-animationOffset=\"top-into-view\"><div class=\"fusion-column-wrapper fusion-flex-justify-content-flex-start fusion-content-layout-column\"><div class=\"fusion-title title fusion-title-3 fusion-sep-none fusion-title-text fusion-title-size-one\" style=\"--awb-margin-right:20px;--awb-margin-bottom:0px;--awb-margin-left:20px;--awb-font-size:36px;\"><h1 class=\"fusion-title-heading title-heading-left\" style=\"font-family:&quot;Barlow&quot;;font-style:normal;font-weight:300;margin:0;font-size:1em;letter-spacing:var(--awb-typography1-letter-spacing);text-transform:none;line-height:var(--awb-typography1-line-height);\">JUGAR<\/h1><\/div><\/div><\/div><div class=\"fusion-layout-column fusion_builder_column fusion-builder-column-2 fusion_builder_column_3_4 3_4 fusion-flex-column fusion-flex-align-self-flex-start fusion-column-no-min-height fusion-animated\" style=\"--awb-bg-blend:overlay;--awb-bg-size:cover;--awb-width-large:75%;--awb-margin-top-large:0px;--awb-spacing-right-large:50px;--awb-margin-bottom-large:60px;--awb-spacing-left-large:50px;--awb-width-medium:80%;--awb-spacing-right-medium:50px;--awb-spacing-left-medium:50px;--awb-width-small:100%;--awb-spacing-right-small:50px;--awb-spacing-left-small:50px;\" data-animationType=\"fadeIn\" data-animationDuration=\"0.8\" data-animationOffset=\"top-into-view\"><div class=\"fusion-column-wrapper fusion-flex-justify-content-flex-start fusion-content-layout-column\"><div class=\"fusion-title title fusion-title-4 fusion-sep-none fusion-title-text fusion-title-size-one\" style=\"--awb-margin-right:20px;--awb-margin-bottom:0px;--awb-margin-left:20px;--awb-font-size:22px;\"><h1 class=\"fusion-title-heading title-heading-left\" style=\"font-family:&quot;Barlow&quot;;font-style:normal;font-weight:300;margin:0;font-size:1em;letter-spacing:var(--awb-typography1-letter-spacing);text-transform:none;line-height:var(--awb-typography1-line-height);\"><span class=\"fusion-dropcap dropcap dropcap-boxed\" style=\"--awb-border-radius:1px;--awb-color:var(--awb-color1);--awb-background:var(--awb-custom_color_2);\">J<\/span>ugar significa disfrute y diversi\u00f3n. Queremos que todos nuestros visitantes vivan una experiencia muy divertida en GolfStar Cambrils. Nuestro campo de pitch and putt de 9 hoyos es un desaf\u00edo para todo tipo de jugadores ya que est\u00e1n ubicados alrededor de nuestro lago central y delimitados por avenidas de preciosos olivos. Los agujeros var\u00edan en longitud desde 55 a 111 metros y nuestro recorrido cuenta con 18 tees y 9 greens lo que permite una experiencia de juego muy completa a lo largo de 18 hoyos.<\/p>\n<p><strong>C\u00f3mo jugar en GolfStar Cambrils.<\/strong><br \/>\nVisite nuestra plataforma de reservas en <a href=\"https:\/\/golfstarcambrils.golfmanager.com\/consumer\/ebookings?i=1&amp;resourcetype=1\"><strong>AQU\u00cd<\/strong><\/a><\/p>\n<p>Los horarios de salida est\u00e1n disponibles seg\u00fan la temporada entre las 08.00 h y las 19.00 h y son para 18 hoyos. NO ofrecemos una ronda de 9 hoyos.<\/p>\n<p><strong>Tarifas de greenfees:<\/strong><br \/>\nAdultos: 20\u20ac, S\u00e9nior: 18\u20ac, J\u00fanior: 12\u20ac.<\/p>\n<p>Tenga en cuenta que, ya sea miembro o invitado, deber\u00e1 registrar su hora de salida en Golfmanager y confirmarla.<\/p>\n<p><strong>Alquiler de carritos y palos.<\/strong><br \/>\nLos carritos se pueden alquilar y cuestan 4\u20ac. Tambi\u00e9n disponemos de palos de golf en alquiler por 8\u20ac.<\/p>\n<h4><a href=\"https:\/\/golfstarcambrils.se\/wp-content\/uploads\/2024\/04\/gs-cambrils-scorecard_Sida_3-2.png\"><strong>Download our scorecard<\/strong><\/a><\/h4><\/h1><\/div><\/div><\/div><\/div><\/div><div class=\"fusion-fullwidth fullwidth-box fusion-builder-row-3 fusion-flex-container has-pattern-background has-mask-background fusion-parallax-fixed nonhundred-percent-fullwidth non-hundred-percent-height-scrolling lazyload\" style=\"--link_hover_color: var(--awb-color5);--link_color: var(--awb-color5);--awb-background-position:right top;--awb-background-blend-mode:overlay;--awb-border-color:var(--awb-color1);--awb-border-radius-top-left:0px;--awb-border-radius-top-right:0px;--awb-border-radius-bottom-right:0px;--awb-border-radius-bottom-left:0px;--awb-padding-top:60px;--awb-padding-bottom:60px;--awb-padding-top-medium:90px;--awb-padding-bottom-medium:90px;--awb-padding-top-small:32px;--awb-padding-bottom-small:100px;--awb-margin-bottom-medium:0px;--awb-margin-top-small:0px;--awb-background-color:rgba(12,15,15,0.66);--awb-background-size:cover;--awb-flex-wrap:wrap;background-attachment:fixed;\" data-bg=\"https:\/\/golfstarcambrils.se\/wp-content\/uploads\/2023\/05\/caddies-start-2400x1400-1.jpg\" ><div class=\"awb-background-mask\" style=\"background-image:  url(data:image\/svg+xml;utf8,%3Csvg%20width%3D%221920%22%20height%3D%22954%22%20fill%3D%22none%22%20xmlns%3D%22http%3A%2F%2Fwww.w3.org%2F2000%2Fsvg%22%3E%3Cg%20clip-path%3D%22url%28%23prefix__clip0_77_23308%29%22%3E%3Cpath%20fill-rule%3D%22evenodd%22%20clip-rule%3D%22evenodd%22%20d%3D%22M1173%200H0v954h1313l-140-238.5h70l70-119h70L1313%20477l70-119.5h-70l-70-119h-70l70-119.5-70-119zm747%200v954h113V0h-113z%22%20fill%3D%22rgba%28197%2C170%2C146%2C0.55%29%22%2F%3E%3Cpath%20d%3D%22M1102.98%20835l69.98%20119H1033l69.98-119z%22%20fill%3D%22rgba%2893%2C81%2C67%2C1%29%22%20fill-opacity%3D%22.1%22%2F%3E%3Cpath%20d%3D%22M1382.91%20834.998l69.98%20119h-139.96l69.98-119z%22%20fill%3D%22rgba%2893%2C81%2C67%2C1%29%22%20fill-opacity%3D%22.24%22%2F%3E%3Cpath%20d%3D%22M1172.96%20954l-69.98-119h139.97l-69.99%20119z%22%20fill%3D%22rgba%2893%2C81%2C67%2C1%29%22%20fill-opacity%3D%22.4%22%2F%3E%3Cpath%20d%3D%22M1032.98%20715.941l-69.98%20119h139.96l-69.98-119z%22%20fill%3D%22rgba%2893%2C81%2C67%2C1%29%22%20fill-opacity%3D%22.12%22%2F%3E%3Cpath%20d%3D%22M1172.96%20715.5l69.99%20119.5h-139.97l69.98-119.5z%22%20fill%3D%22rgba%2893%2C81%2C67%2C1%29%22%20fill-opacity%3D%22.55%22%2F%3E%3Cpath%20d%3D%22M1102.98%20834.998l69.98-119.5H1033l69.98%20119.5z%22%20fill%3D%22rgba%2893%2C81%2C67%2C1%29%22%20fill-opacity%3D%22.25%22%2F%3E%3Cpath%20d%3D%22M1382.91%20834.998l-69.98-119.5h139.96l-69.98%20119.5z%22%20fill%3D%22rgba%2893%2C81%2C67%2C1%29%22%20fill-opacity%3D%22.85%22%2F%3E%3Cpath%20d%3D%22M1172.96%20596.5l69.99%20119h-139.97l69.98-119z%22%20fill%3D%22rgba%2893%2C81%2C67%2C1%29%22%20fill-opacity%3D%22.75%22%2F%3E%3Cpath%20d%3D%22M1242.95%20715.5l69.98-119h-139.97l69.99%20119z%22%20fill%3D%22rgba%2893%2C81%2C67%2C1%29%22%20fill-opacity%3D%22.85%22%2F%3E%3Cpath%20d%3D%22M1242.98%20596.5l69.98-119.5H1173l69.98%20119.5z%22%20fill%3D%22rgba%2893%2C81%2C67%2C1%29%22%20fill-opacity%3D%22.7%22%2F%3E%3Cpath%20d%3D%22M1032.98%20477l69.98%20119.5H963l69.98-119.5z%22%20fill%3D%22rgba%2893%2C81%2C67%2C1%29%22%20fill-opacity%3D%22.05%22%2F%3E%3Cpath%20d%3D%22M1312.93%20477l69.98%20119.5h-139.96l69.98-119.5z%22%20fill%3D%22rgba%2893%2C81%2C67%2C1%29%22%20fill-opacity%3D%22.9%22%2F%3E%3Cpath%20d%3D%22M1102.98%20119.002l69.98-119H1033l69.98%20119z%22%20fill%3D%22rgba%2893%2C81%2C67%2C1%29%22%20fill-opacity%3D%22.1%22%2F%3E%3Cpath%20d%3D%22M1312.93%200l69.98%20119h-139.96l69.98-119z%22%20fill%3D%22rgba%2893%2C81%2C67%2C1%29%22%20fill-opacity%3D%22.7%22%2F%3E%3Cpath%20d%3D%22M1172.96%200l-69.98%20119h139.97L1172.96%200z%22%20fill%3D%22rgba%2893%2C81%2C67%2C1%29%22%20fill-opacity%3D%22.25%22%2F%3E%3Cpath%20d%3D%22M1172.98%20238.5l69.98-119.5H1103l69.98%20119.5z%22%20fill%3D%22rgba%2893%2C81%2C67%2C1%29%22%20fill-opacity%3D%22.42%22%2F%3E%3Cpath%20d%3D%22M1032.98%20238.5l69.98-119.5H963l69.98%20119.5z%22%20fill%3D%22rgba%2893%2C81%2C67%2C1%29%22%20fill-opacity%3D%22.24%22%2F%3E%3Cpath%20d%3D%22M1172.96%20357.5l69.99-119h-139.97l69.98%20119z%22%20fill%3D%22rgba%2893%2C81%2C67%2C1%29%22%20fill-opacity%3D%22.15%22%2F%3E%3Cpath%20d%3D%22M1242.95%20238.5l69.98%20119h-139.97l69.99-119z%22%20fill%3D%22rgba%2893%2C81%2C67%2C1%29%22%20fill-opacity%3D%22.65%22%2F%3E%3Cpath%20d%3D%22M1102.98%20357.5l69.98%20119.5H1033l69.98-119.5z%22%20fill%3D%22rgba%2893%2C81%2C67%2C1%29%22%20fill-opacity%3D%22.3%22%2F%3E%3Cpath%20d%3D%22M1312.98%20477l69.98-119.5H1243l69.98%20119.5z%22%20fill%3D%22rgba%2893%2C81%2C67%2C1%29%22%20fill-opacity%3D%22.85%22%2F%3E%3Cpath%20d%3D%22M1172.96%20477l69.99-119.5h-139.97l69.98%20119.5z%22%20fill%3D%22rgba%2893%2C81%2C67%2C1%29%22%20fill-opacity%3D%22.75%22%2F%3E%3C%2Fg%3E%3Cdefs%3E%3CclipPath%20id%3D%22prefix__clip0_77_23308%22%3E%3Cpath%20fill%3D%22rgba%2893%2C81%2C67%2C1%29%22%20d%3D%22M0%200h1920v954H0z%22%2F%3E%3C%2FclipPath%3E%3C%2Fdefs%3E%3C%2Fsvg%3E);opacity: 1 ;transform: scale(-1, -1);mix-blend-mode:normal;\"><\/div><div class=\"fusion-builder-row fusion-row fusion-flex-align-items-center fusion-flex-content-wrap\" style=\"max-width:1248px;margin-left: calc(-4% \/ 2 );margin-right: calc(-4% \/ 2 );\"><div class=\"fusion-layout-column fusion_builder_column fusion-builder-column-3 fusion_builder_column_1_1 1_1 fusion-flex-column fusion-flex-align-self-flex-start fusion-column-no-min-height fusion-animated\" style=\"--awb-bg-blend:overlay;--awb-bg-size:cover;--awb-width-large:100%;--awb-margin-top-large:0px;--awb-spacing-right-large:1.92%;--awb-margin-bottom-large:30px;--awb-spacing-left-large:1.92%;--awb-width-medium:80%;--awb-order-medium:0;--awb-spacing-right-medium:2.4%;--awb-spacing-left-medium:2.4%;--awb-width-small:100%;--awb-order-small:0;--awb-spacing-right-small:1.92%;--awb-spacing-left-small:1.92%;\" data-animationType=\"fadeIn\" data-animationDuration=\"0.8\" data-animationOffset=\"top-into-view\" data-scroll-devices=\"small-visibility,medium-visibility,large-visibility\"><div class=\"fusion-column-wrapper fusion-column-has-shadow fusion-flex-justify-content-flex-start fusion-content-layout-column\"><div class=\"fusion-title title fusion-title-5 fusion-no-small-visibility fusion-sep-none fusion-title-center fusion-title-text fusion-title-size-one\" style=\"--awb-text-color:var(--awb-color1);--awb-margin-right:20px;--awb-margin-bottom:0px;--awb-margin-left:20px;--awb-font-size:36px;\"><h1 class=\"fusion-title-heading title-heading-center\" style=\"font-family:&quot;Barlow&quot;;font-style:normal;font-weight:300;margin:0;font-size:1em;letter-spacing:var(--awb-typography1-letter-spacing);text-transform:none;line-height:var(--awb-typography1-line-height);\">Reserve una hora de inicio<\/h1><\/div><div class=\"fusion-title title fusion-title-6 fusion-no-medium-visibility fusion-no-large-visibility fusion-sep-none fusion-title-center fusion-title-text fusion-title-size-one\" style=\"--awb-text-color:var(--awb-color1);--awb-margin-right:20px;--awb-margin-bottom:0px;--awb-margin-left:20px;--awb-font-size:24px;\"><h1 class=\"fusion-title-heading title-heading-center\" style=\"font-family:&quot;Barlow&quot;;font-style:normal;font-weight:300;margin:0;font-size:1em;letter-spacing:var(--awb-typography1-letter-spacing);text-transform:none;line-height:var(--awb-typography1-line-height);\">Reserve una hora de inicio<\/h1><\/div><div style=\"text-align:center;\"><a class=\"fusion-button button-flat button-large button-custom fusion-button-default button-2 fusion-button-default-span fusion-button-default-type\" style=\"--button_accent_color:var(--awb-color1);--button_border_color:var(--awb-custom_color_2);--button_accent_hover_color:var(--awb-color1);--button_border_hover_color:var(--awb-color1);--button-border-radius-top-left:8px;--button-border-radius-top-right:8px;--button-border-radius-bottom-right:8px;--button-border-radius-bottom-left:8px;--button_gradient_top_color:var(--awb-custom_color_2);--button_gradient_bottom_color:var(--awb-custom_color_2);--button_gradient_top_color_hover:hsla(var(--awb-color5-h),calc(var(--awb-color5-s) - 5%),calc(var(--awb-color5-l) - 10%),var(--awb-color5-a));--button_gradient_bottom_color_hover:hsla(var(--awb-color5-h),calc(var(--awb-color5-s) - 5%),calc(var(--awb-color5-l) - 10%),var(--awb-color5-a));--button_typography-letter-spacing:1px;--button_typography-font-family:&quot;Barlow&quot;;--button_typography-font-style:normal;--button_typography-font-weight:600;--button_margin-top:60px;--button_margin-bottom:60px;\" target=\"_self\" title=\"GolfStar Cambrils\" aria-label=\"GolfStar Cambrils\" href=\"https:\/\/golfstarcambrils.golfmanager.com\/consumer\/ebookings?i=1&amp;resourcetype=1\"><i class=\"fa-clock fas button-icon-left\" aria-hidden=\"true\"><\/i><span class=\"fusion-button-text\">RESERVAR TEE TIME<\/span><\/a><\/div><\/div><\/div><div class=\"fusion-layout-column fusion_builder_column fusion-builder-column-4 fusion_builder_column_1_1 1_1 fusion-flex-column fusion-no-medium-visibility fusion-no-large-visibility\" style=\"--awb-bg-size:cover;--awb-width-large:100%;--awb-margin-top-large:30px;--awb-spacing-right-large:1.92%;--awb-margin-bottom-large:0px;--awb-spacing-left-large:1.92%;--awb-width-medium:100%;--awb-order-medium:0;--awb-spacing-right-medium:1.92%;--awb-spacing-left-medium:1.92%;--awb-width-small:100%;--awb-order-small:0;--awb-spacing-right-small:1.92%;--awb-spacing-left-small:1.92%;\" data-scroll-devices=\"small-visibility,medium-visibility,large-visibility\"><div class=\"fusion-column-wrapper fusion-column-has-shadow fusion-flex-justify-content-flex-start fusion-content-layout-column\"><\/div><\/div><\/div><\/div>\n<\/p>\n","protected":false},"excerpt":{"rendered":"","protected":false},"author":1,"featured_media":0,"parent":0,"menu_order":0,"comment_status":"closed","ping_status":"closed","template":"100-width.php","meta":{"footnotes":""},"_links":{"self":[{"href":"https:\/\/golfstarcambrils.se\/es\/wp-json\/wp\/v2\/pages\/3532"}],"collection":[{"href":"https:\/\/golfstarcambrils.se\/es\/wp-json\/wp\/v2\/pages"}],"about":[{"href":"https:\/\/golfstarcambrils.se\/es\/wp-json\/wp\/v2\/types\/page"}],"author":[{"embeddable":true,"href":"https:\/\/golfstarcambrils.se\/es\/wp-json\/wp\/v2\/users\/1"}],"replies":[{"embeddable":true,"href":"https:\/\/golfstarcambrils.se\/es\/wp-json\/wp\/v2\/comments?post=3532"}],"version-history":[{"count":26,"href":"https:\/\/golfstarcambrils.se\/es\/wp-json\/wp\/v2\/pages\/3532\/revisions"}],"predecessor-version":[{"id":4681,"href":"https:\/\/golfstarcambrils.se\/es\/wp-json\/wp\/v2\/pages\/3532\/revisions\/4681"}],"wp:attachment":[{"href":"https:\/\/golfstarcambrils.se\/es\/wp-json\/wp\/v2\/media?parent=3532"}],"curies":[{"name":"wp","href":"https:\/\/api.w.org\/{rel}","templated":true}]}}