{"id":3479,"date":"2023-12-06T13:18:08","date_gmt":"2023-12-06T13:18:08","guid":{"rendered":"https:\/\/golfstarcambrils.se\/afiliacion\/"},"modified":"2026-01-04T11:23:51","modified_gmt":"2026-01-04T11:23:51","slug":"afiliacion","status":"publish","type":"page","link":"https:\/\/golfstarcambrils.se\/es\/afiliacion\/","title":{"rendered":"ABONOS"},"content":{"rendered":"<p><div class=\"fusion-fullwidth fullwidth-box fusion-builder-row-1 fusion-flex-container has-pattern-background has-mask-background fusion-parallax-none nonhundred-percent-fullwidth hundred-percent-height hundred-percent-height-center-content non-hundred-percent-height-scrolling lazyload\" style=\"--link_hover_color: var(--awb-color5);--link_color: rgba(50,105,255,0);--awb-border-color:var(--awb-color1);--awb-border-radius-top-left:0px;--awb-border-radius-top-right:0px;--awb-border-radius-bottom-right:0px;--awb-border-radius-bottom-left:0px;--awb-padding-top-medium:185px;--awb-padding-top-small:149px;--awb-padding-right-small:20px;--awb-padding-left-small:20px;--awb-margin-bottom-medium:0px;--awb-margin-bottom-small:0px;--awb-background-color:rgba(197,170,146,0);--awb-background-size:cover;--awb-flex-wrap:wrap;\" data-bg=\"https:\/\/golfstarcambrils.se\/wp-content\/uploads\/2023\/12\/cambrils-1-scaled.jpg\" ><div class=\"awb-background-pattern\" style=\"background-image:  url();opacity: 0.15 ;background-size:3%;mix-blend-mode:normal;\"><\/div><div class=\"fusion-builder-row fusion-row fusion-flex-align-items-flex-start fusion-flex-content-wrap\" style=\"max-width:1248px;margin-left: calc(-4% \/ 2 );margin-right: calc(-4% \/ 2 );\"><div class=\"fusion-layout-column fusion_builder_column fusion-builder-column-0 fusion_builder_column_1_1 1_1 fusion-flex-column fusion-animated\" style=\"--awb-padding-bottom-medium:0px;--awb-bg-size:cover;--awb-width-large:100%;--awb-margin-top-large:400px;--awb-spacing-right-large:1.92%;--awb-margin-bottom-large:80px;--awb-spacing-left-large:0px;--awb-width-medium:66.666666666667%;--awb-order-medium:0;--awb-spacing-right-medium:2.88%;--awb-spacing-left-medium:20px;--awb-width-small:100%;--awb-order-small:0;--awb-margin-top-small:100px;--awb-spacing-right-small:1.92%;--awb-margin-bottom-small:51px;--awb-spacing-left-small:20px;\" data-animationType=\"fadeInRight\" data-animationDuration=\"1.3\" data-animationOffset=\"top-into-view\" data-scroll-devices=\"small-visibility,medium-visibility,large-visibility\"><div class=\"fusion-column-wrapper fusion-column-has-shadow fusion-flex-justify-content-flex-start fusion-content-layout-column\"><div class=\"fusion-title title fusion-title-1 fusion-no-small-visibility fusion-sep-none fusion-title-text fusion-title-size-one\" style=\"--awb-text-color:var(--awb-color1);--awb-margin-bottom:30px;--awb-font-size:var(--awb-typography1-font-size);\"><h1 class=\"fusion-title-heading title-heading-left\" style=\"font-family:&quot;Barlow&quot;;font-style:normal;font-weight:300;margin:0;font-size:1em;letter-spacing:var(--awb-typography1-letter-spacing);text-transform:var(--awb-typography1-text-transform);line-height:var(--awb-typography1-line-height);\">ABONOS<\/h1><\/div><div class=\"fusion-title title fusion-title-2 fusion-no-medium-visibility fusion-no-large-visibility fusion-sep-none fusion-title-text fusion-title-size-one\" style=\"--awb-text-color:var(--awb-color1);--awb-margin-bottom:30px;--awb-font-size:24px;\"><h1 class=\"fusion-title-heading title-heading-left\" style=\"font-family:&quot;Barlow&quot;;font-style:normal;font-weight:300;margin:0;font-size:1em;letter-spacing:var(--awb-typography1-letter-spacing);text-transform:var(--awb-typography1-text-transform);line-height:var(--awb-typography1-line-height);\">ABONOS<\/h1><\/div><\/div><\/div><\/div><\/div><div class=\"fusion-fullwidth fullwidth-box fusion-builder-row-2 fusion-flex-container has-pattern-background has-mask-background nonhundred-percent-fullwidth non-hundred-percent-height-scrolling\" style=\"--awb-background-position:left top;--awb-border-sizes-top:0px;--awb-border-sizes-bottom:0px;--awb-border-sizes-left:0px;--awb-border-sizes-right:0px;--awb-border-radius-top-left:0px;--awb-border-radius-top-right:0px;--awb-border-radius-bottom-right:0px;--awb-border-radius-bottom-left:0px;--awb-padding-top:50px;--awb-padding-bottom:50px;--awb-padding-top-medium:90px;--awb-padding-bottom-medium:90px;--awb-padding-top-small:50px;--awb-padding-bottom-small:0px;--awb-margin-bottom-medium:0px;--awb-margin-top-small:0px;--awb-background-color:var(--awb-color1);--awb-flex-wrap:wrap;\" ><div class=\"fusion-builder-row fusion-row fusion-flex-align-items-stretch fusion-flex-justify-content-center fusion-flex-content-wrap\" style=\"max-width:calc( 1200px + 100px );margin-left: calc(-100px \/ 2 );margin-right: calc(-100px \/ 2 );\"><div class=\"fusion-layout-column fusion_builder_column fusion-builder-column-1 fusion_builder_column_3_4 3_4 fusion-flex-column fusion-flex-align-self-flex-start fusion-column-no-min-height fusion-animated\" style=\"--awb-bg-blend:overlay;--awb-bg-size:cover;--awb-width-large:75%;--awb-margin-top-large:0px;--awb-spacing-right-large:50px;--awb-margin-bottom-large:19px;--awb-spacing-left-large:50px;--awb-width-medium:80%;--awb-order-medium:0;--awb-spacing-right-medium:50px;--awb-spacing-left-medium:50px;--awb-width-small:100%;--awb-order-small:0;--awb-spacing-right-small:50px;--awb-margin-bottom-small:0px;--awb-spacing-left-small:50px;\" data-animationType=\"fadeIn\" data-animationDuration=\"0.8\" data-animationOffset=\"top-into-view\" data-scroll-devices=\"small-visibility,medium-visibility,large-visibility\"><div class=\"fusion-column-wrapper fusion-column-has-shadow fusion-flex-justify-content-flex-start fusion-content-layout-column\"><div class=\"fusion-title title fusion-title-3 fusion-sep-none fusion-title-text fusion-title-size-one\" style=\"--awb-font-size:36px;\"><h1 class=\"fusion-title-heading title-heading-left\" style=\"font-family:&quot;Barlow&quot;;font-style:normal;font-weight:300;margin:0;font-size:1em;\">NUESTRAS AFILIACIONES<\/h1><\/div><\/div><\/div><div class=\"fusion-layout-column fusion_builder_column fusion-builder-column-2 fusion_builder_column_3_4 3_4 fusion-flex-column fusion-column-no-min-height fusion-animated\" style=\"--awb-padding-top-small:0px;--awb-bg-blend:overlay;--awb-bg-size:cover;--awb-width-large:75%;--awb-margin-top-large:0px;--awb-spacing-right-large:50px;--awb-margin-bottom-large:60px;--awb-spacing-left-large:50px;--awb-width-medium:80%;--awb-order-medium:0;--awb-spacing-right-medium:50px;--awb-spacing-left-medium:50px;--awb-width-small:100%;--awb-order-small:0;--awb-margin-top-small:0px;--awb-spacing-right-small:50px;--awb-spacing-left-small:50px;\" data-animationType=\"fadeIn\" data-animationDuration=\"0.8\" data-animationOffset=\"top-into-view\" data-scroll-devices=\"small-visibility,medium-visibility,large-visibility\"><div class=\"fusion-column-wrapper fusion-column-has-shadow fusion-flex-justify-content-flex-start fusion-content-layout-column\"><div class=\"fusion-title title fusion-title-4 fusion-sep-none fusion-title-text fusion-title-size-one\" style=\"--awb-margin-right:20px;--awb-margin-bottom:0px;--awb-margin-left:20px;--awb-font-size:17px;\"><h1 class=\"fusion-title-heading title-heading-left\" style=\"font-family:&quot;Barlow&quot;;font-style:normal;font-weight:300;margin:0;font-size:1em;letter-spacing:var(--awb-typography1-letter-spacing);text-transform:none;line-height:var(--awb-typography1-line-height);\"><span class=\"fusion-dropcap dropcap dropcap-boxed\" style=\"--awb-color:var(--awb-color1);--awb-background:var(--awb-custom_color_2);\">E<\/span>res un verdadero entusiasta del pitch y el putt, juegas mucho y con frecuencia y adem\u00e1s quieres sentirte parte de nuestro club?<\/p>\n<p>En 2026 ofreceremos 100 abonos anuales que te permitir\u00e1n jugar durante todo el a\u00f1o.*<\/p>\n<p>Con nuestro abono \u00abPlay\u00bb, juegas libremente todos los d\u00edas y a todas horas en GolfStar Cambrils, pagas una cuota y nada m\u00e1s.<\/p>\n<p><strong>Beneficios para miembros<\/strong><br \/>\n&#8211; Eventos y competiciones solo para miembros.<br \/>\n&#8211; Descuentos en nuestro bar.<br \/>\n&#8211; 3 horarios de salida reservables.<br \/>\n&#8211; Reserva con 15 d\u00edas de antelaci\u00f3n.<\/p>\n<p><strong>Precio: Adultos: 789\u20ac y junior 480\u20ac.<\/strong><\/p>\n<p>Si quieres pagar mensualmente, el precio es de 73\u20ac\/mes para adultos y 40\u20ac\/mes para<br \/>\njuniors, esto se pagar\u00e1 a trav\u00e9s de Golfmanger y transferencia bancaria directa por un per\u00edodo de 12 meses desde la fecha de firma del contrato.<\/p>\n<p>*Excepto cuando el campo est\u00e9 cerrado por competiciones o eventos.<\/p><\/h1><\/div><\/div><\/div><\/div><\/div><\/p>\n","protected":false},"excerpt":{"rendered":"","protected":false},"author":1,"featured_media":0,"parent":0,"menu_order":0,"comment_status":"closed","ping_status":"closed","template":"100-width.php","meta":{"footnotes":""},"_links":{"self":[{"href":"https:\/\/golfstarcambrils.se\/es\/wp-json\/wp\/v2\/pages\/3479"}],"collection":[{"href":"https:\/\/golfstarcambrils.se\/es\/wp-json\/wp\/v2\/pages"}],"about":[{"href":"https:\/\/golfstarcambrils.se\/es\/wp-json\/wp\/v2\/types\/page"}],"author":[{"embeddable":true,"href":"https:\/\/golfstarcambrils.se\/es\/wp-json\/wp\/v2\/users\/1"}],"replies":[{"embeddable":true,"href":"https:\/\/golfstarcambrils.se\/es\/wp-json\/wp\/v2\/comments?post=3479"}],"version-history":[{"count":12,"href":"https:\/\/golfstarcambrils.se\/es\/wp-json\/wp\/v2\/pages\/3479\/revisions"}],"predecessor-version":[{"id":4670,"href":"https:\/\/golfstarcambrils.se\/es\/wp-json\/wp\/v2\/pages\/3479\/revisions\/4670"}],"wp:attachment":[{"href":"https:\/\/golfstarcambrils.se\/es\/wp-json\/wp\/v2\/media?parent=3479"}],"curies":[{"name":"wp","href":"https:\/\/api.w.org\/{rel}","templated":true}]}}