{"id":3478,"date":"2023-05-30T15:45:29","date_gmt":"2023-05-30T15:45:29","guid":{"rendered":"https:\/\/golfstarcambrils.se\/ejercicio\/"},"modified":"2024-04-03T09:55:40","modified_gmt":"2024-04-03T09:55:40","slug":"ejercicio","status":"publish","type":"page","link":"https:\/\/golfstarcambrils.se\/es\/ejercicio\/","title":{"rendered":"PR\u00c1CTICA"},"content":{"rendered":"<p><div class=\"fusion-fullwidth fullwidth-box fusion-builder-row-1 fusion-flex-container has-pattern-background has-mask-background fusion-parallax-none nonhundred-percent-fullwidth hundred-percent-height hundred-percent-height-center-content non-hundred-percent-height-scrolling lazyload\" style=\"--link_hover_color: var(--awb-color5);--link_color: rgba(50,105,255,0);--awb-background-position:center top;--awb-background-blend-mode:overlay;--awb-border-color:var(--awb-color1);--awb-border-radius-top-left:0px;--awb-border-radius-top-right:0px;--awb-border-radius-bottom-right:0px;--awb-border-radius-bottom-left:0px;--awb-padding-top-medium:185px;--awb-padding-top-small:150px;--awb-padding-right-small:20px;--awb-padding-left-small:20px;--awb-margin-bottom-medium:0px;--awb-margin-bottom-small:0px;--awb-background-color:rgba(4,9,34,0);--awb-background-image:linear-gradient(0deg, rgba(12,15,15,0.57) 100%,rgba(4,9,34,0) 0%);;--awb-background-size:cover;--awb-flex-wrap:wrap;\" data-bg=\"https:\/\/golfstarcambrils.se\/wp-content\/uploads\/2024\/04\/gs-cambrils-range.png\" data-bg-gradient=\"linear-gradient(0deg, rgba(12,15,15,0.57) 100%,rgba(4,9,34,0) 0%)\" ><div class=\"awb-background-pattern\" style=\"background-image:  url();opacity: 0.15 ;background-size:3%;mix-blend-mode:normal;\"><\/div><div class=\"fusion-builder-row fusion-row fusion-flex-align-items-center fusion-flex-content-wrap\" style=\"max-width:1248px;margin-left: calc(-4% \/ 2 );margin-right: calc(-4% \/ 2 );\"><div class=\"fusion-layout-column fusion_builder_column fusion-builder-column-0 fusion_builder_column_1_1 1_1 fusion-flex-column fusion-animated\" style=\"--awb-padding-bottom-medium:0px;--awb-bg-size:cover;--awb-width-large:100%;--awb-margin-top-large:400px;--awb-spacing-right-large:1.92%;--awb-margin-bottom-large:0px;--awb-spacing-left-large:0px;--awb-width-medium:66.666666666667%;--awb-order-medium:0;--awb-spacing-right-medium:2.88%;--awb-spacing-left-medium:20px;--awb-width-small:100%;--awb-order-small:0;--awb-margin-top-small:100px;--awb-spacing-right-small:1.92%;--awb-margin-bottom-small:50px;--awb-spacing-left-small:20px;\" data-animationType=\"fadeInRight\" data-animationDuration=\"1.3\" data-animationOffset=\"top-into-view\" data-scroll-devices=\"small-visibility,medium-visibility,large-visibility\"><div class=\"fusion-column-wrapper fusion-column-has-shadow fusion-flex-justify-content-flex-start fusion-content-layout-column\"><div class=\"fusion-title title fusion-title-1 fusion-no-small-visibility fusion-sep-none fusion-title-text fusion-title-size-one\" style=\"--awb-text-color:var(--awb-color1);--awb-margin-bottom:30px;--awb-font-size:var(--awb-typography1-font-size);\"><h1 class=\"fusion-title-heading title-heading-left\" style=\"font-family:&quot;Barlow&quot;;font-style:normal;font-weight:300;margin:0;font-size:1em;letter-spacing:var(--awb-typography1-letter-spacing);text-transform:var(--awb-typography1-text-transform);line-height:var(--awb-typography1-line-height);\">20 tees de salida cubiertos e iluminados<\/h1><\/div><div class=\"fusion-title title fusion-title-2 fusion-no-medium-visibility fusion-no-large-visibility fusion-sep-none fusion-title-text fusion-title-size-one\" style=\"--awb-text-color:var(--awb-color1);--awb-margin-bottom:30px;--awb-font-size:24px;\"><h1 class=\"fusion-title-heading title-heading-left\" style=\"font-family:&quot;Barlow&quot;;font-style:normal;font-weight:300;margin:0;font-size:1em;letter-spacing:var(--awb-typography1-letter-spacing);text-transform:var(--awb-typography1-text-transform);line-height:var(--awb-typography1-line-height);\">20 tees de salida cubiertos e iluminados.<\/h1><\/div><\/div><\/div><\/div><\/div><div class=\"fusion-fullwidth fullwidth-box fusion-builder-row-2 fusion-flex-container has-pattern-background has-mask-background nonhundred-percent-fullwidth non-hundred-percent-height-scrolling\" style=\"--awb-background-position:left top;--awb-border-sizes-top:0px;--awb-border-sizes-bottom:0px;--awb-border-sizes-left:0px;--awb-border-sizes-right:0px;--awb-border-radius-top-left:0px;--awb-border-radius-top-right:0px;--awb-border-radius-bottom-right:0px;--awb-border-radius-bottom-left:0px;--awb-padding-top:50px;--awb-padding-bottom:50px;--awb-padding-top-medium:90px;--awb-padding-bottom-medium:90px;--awb-padding-top-small:49px;--awb-padding-bottom-small:0px;--awb-margin-bottom-medium:0px;--awb-background-color:var(--awb-color1);--awb-flex-wrap:wrap;\" ><div class=\"fusion-builder-row fusion-row fusion-flex-align-items-stretch fusion-flex-justify-content-center fusion-flex-content-wrap\" style=\"max-width:calc( 1200px + 100px );margin-left: calc(-100px \/ 2 );margin-right: calc(-100px \/ 2 );\"><div class=\"fusion-layout-column fusion_builder_column fusion-builder-column-1 fusion_builder_column_3_4 3_4 fusion-flex-column fusion-flex-align-self-flex-start fusion-column-no-min-height fusion-animated\" style=\"--awb-bg-blend:overlay;--awb-bg-size:cover;--awb-width-large:75%;--awb-margin-top-large:0px;--awb-spacing-right-large:50px;--awb-margin-bottom-large:20px;--awb-spacing-left-large:50px;--awb-width-medium:80%;--awb-spacing-right-medium:50px;--awb-spacing-left-medium:50px;--awb-width-small:100%;--awb-spacing-right-small:50px;--awb-margin-bottom-small:1px;--awb-spacing-left-small:50px;\" data-animationType=\"fadeIn\" data-animationDuration=\"0.8\" data-animationOffset=\"top-into-view\"><div class=\"fusion-column-wrapper fusion-flex-justify-content-flex-start fusion-content-layout-column\"><div class=\"fusion-title title fusion-title-3 fusion-sep-none fusion-title-text fusion-title-size-one\" style=\"--awb-margin-right:20px;--awb-margin-bottom:0px;--awb-margin-left:20px;--awb-font-size:36px;\"><h1 class=\"fusion-title-heading title-heading-left\" style=\"font-family:&quot;Barlow&quot;;font-style:normal;font-weight:300;margin:0;font-size:1em;letter-spacing:var(--awb-typography1-letter-spacing);text-transform:none;line-height:var(--awb-typography1-line-height);\">PR\u00c1CTICA<\/h1><\/div><\/div><\/div><div class=\"fusion-layout-column fusion_builder_column fusion-builder-column-2 fusion_builder_column_3_4 3_4 fusion-flex-column fusion-flex-align-self-flex-start fusion-column-no-min-height fusion-animated\" style=\"--awb-bg-blend:overlay;--awb-bg-size:cover;--awb-width-large:75%;--awb-margin-top-large:0px;--awb-spacing-right-large:50px;--awb-margin-bottom-large:60px;--awb-spacing-left-large:50px;--awb-width-medium:80%;--awb-spacing-right-medium:50px;--awb-spacing-left-medium:50px;--awb-width-small:100%;--awb-spacing-right-small:50px;--awb-spacing-left-small:50px;\" data-animationType=\"fadeIn\" data-animationDuration=\"0.8\" data-animationOffset=\"top-into-view\"><div class=\"fusion-column-wrapper fusion-flex-justify-content-flex-start fusion-content-layout-column\"><div class=\"fusion-title title fusion-title-4 fusion-sep-none fusion-title-text fusion-title-size-one\" style=\"--awb-margin-right:20px;--awb-margin-bottom:0px;--awb-margin-left:20px;--awb-font-size:17px;\"><h1 class=\"fusion-title-heading title-heading-left\" style=\"font-family:&quot;Barlow&quot;;font-style:normal;font-weight:300;margin:0;font-size:1em;letter-spacing:var(--awb-typography1-letter-spacing);text-transform:none;line-height:var(--awb-typography1-line-height);\"><span class=\"fusion-dropcap dropcap dropcap-boxed\" style=\"--awb-border-radius:1px;--awb-color:var(--awb-color1);--awb-background:var(--awb-custom_color_2);\">N<\/span>uestra \u00e1rea de pr\u00e1ctica o campo de pr\u00e1cticas recientemente renovada es perfecta para todos.<br \/>\n\u00bfQuieres calentar antes de jugar el campo?<br \/>\n\u00bfQuieres probar el golf por primera vez sin presiones?<br \/>\n\u00bfQuieres mejorar tu swing y juego de golf?<br \/>\n\u00bfQuieres un lugar diferente para traer a tus amigos y familiares a divertirte?<br \/>\n\u00bfUna nueva experiencia?<\/p>\n<p>Este es el lugar para ti.<\/p>\n<p>Nuestro campo de pr\u00e1cticas iluminado con 20 posiciones est\u00e1 completamente cubierto para protegerlo del calor y tal vez en alg\u00fan que otro d\u00eda lluvioso.<\/p>\n<p>Las alfombras y bolas de pr\u00e1cticas son de la m\u00e1s alta calidad para la mejor experiencia de pr\u00e1ctica de la zona. Tambi\u00e9n disponemos de palos de golf de alquiler para el jugador que no dispone de equipamiento propio.<\/p>\n<p>Visitar nuestra zona de pr\u00e1cticas es gratis, no es necesario pagar un green fee para su uso.<\/p>\n<p>Simplemente puede comprar la cantidad de bolas de pr\u00e1cticas que desee en nuestra m\u00e1quina de bolas con tarjeta o mediante un ticket impreso en recepci\u00f3n.<\/p>\n<p>30 bolas cuestan 2\u20ac (20 minutos de diversi\u00f3n).<br \/>\n60 bolas cuestan 3,50\u20ac (40 minutos de diversi\u00f3n).<br \/>\n90 bolas cuestan 6\u20ac (60 minutos de diversi\u00f3n).<\/p>\n<p>Si desea beneficiarse de precios con grandes descuentos, le ofrecemos nuestra app GolfMore. Cuanto m\u00e1s gastes con nosotros, m\u00e1s bonificaci\u00f3n te daremos.<\/p>\n<p>Sistema de bonificaci\u00f3n en la aplicaci\u00f3n GolfMore:<br \/>\nCompra por 50\u20ac y consigue un bono de 5\u20ac.<br \/>\nCompra por 75\u20ac y obt\u00e9n un bono de 15\u20ac.<br \/>\nCompra por 100\u20ac y obt\u00e9n un bono de 20\u20ac.<\/p>\n<p>A continuaci\u00f3n encontrar\u00e1 una gu\u00eda sobre c\u00f3mo utilizar la aplicaci\u00f3n GolfMore!<\/p>\n<p>&gt; Haga clic aqu\u00ed para obtener la gu\u00eda \u00abC\u00f3mo utilizar la aplicaci\u00f3n GolfMore\u00bb<\/p>\n<p>Tambi\u00e9n hay un putting green y un chipping green donde podr\u00e1s practicar tu juego corto.<\/p><\/h1><\/div><\/div><\/div><\/div><\/div><\/p>\n","protected":false},"excerpt":{"rendered":"","protected":false},"author":1,"featured_media":0,"parent":0,"menu_order":0,"comment_status":"closed","ping_status":"closed","template":"100-width.php","meta":{"footnotes":""},"_links":{"self":[{"href":"https:\/\/golfstarcambrils.se\/es\/wp-json\/wp\/v2\/pages\/3478"}],"collection":[{"href":"https:\/\/golfstarcambrils.se\/es\/wp-json\/wp\/v2\/pages"}],"about":[{"href":"https:\/\/golfstarcambrils.se\/es\/wp-json\/wp\/v2\/types\/page"}],"author":[{"embeddable":true,"href":"https:\/\/golfstarcambrils.se\/es\/wp-json\/wp\/v2\/users\/1"}],"replies":[{"embeddable":true,"href":"https:\/\/golfstarcambrils.se\/es\/wp-json\/wp\/v2\/comments?post=3478"}],"version-history":[{"count":14,"href":"https:\/\/golfstarcambrils.se\/es\/wp-json\/wp\/v2\/pages\/3478\/revisions"}],"predecessor-version":[{"id":4527,"href":"https:\/\/golfstarcambrils.se\/es\/wp-json\/wp\/v2\/pages\/3478\/revisions\/4527"}],"wp:attachment":[{"href":"https:\/\/golfstarcambrils.se\/es\/wp-json\/wp\/v2\/media?parent=3478"}],"curies":[{"name":"wp","href":"https:\/\/api.w.org\/{rel}","templated":true}]}}