{"id":3493,"date":"2023-05-29T13:22:23","date_gmt":"2023-05-29T13:22:23","guid":{"rendered":"https:\/\/golfstarcambrils.se\/paquet-de-golf\/"},"modified":"2024-01-05T16:39:11","modified_gmt":"2024-01-05T16:39:11","slug":"paquet-de-golf","status":"publish","type":"page","link":"https:\/\/golfstarcambrils.se\/ca\/paquet-de-golf\/","title":{"rendered":"PAQUET de GOLF"},"content":{"rendered":"<p><div class=\"fusion-fullwidth fullwidth-box fusion-builder-row-1 fusion-flex-container has-pattern-background has-mask-background fusion-parallax-none nonhundred-percent-fullwidth hundred-percent-height hundred-percent-height-center-content non-hundred-percent-height-scrolling lazyload\" style=\"--link_hover_color: var(--awb-color5);--link_color: rgba(50,105,255,0);--awb-border-color:var(--awb-color1);--awb-border-radius-top-left:0px;--awb-border-radius-top-right:0px;--awb-border-radius-bottom-right:0px;--awb-border-radius-bottom-left:0px;--awb-padding-top-medium:185px;--awb-padding-top-small:149px;--awb-padding-right-small:20px;--awb-padding-left-small:20px;--awb-margin-bottom-medium:0px;--awb-margin-bottom-small:0px;--awb-background-color:rgba(4,9,34,0);--awb-background-size:cover;--awb-flex-wrap:wrap;\" data-bg=\"https:\/\/golfstarcambrils.se\/wp-content\/uploads\/2023\/12\/gs-cambrils-hotel-top.jpg\" ><div class=\"awb-background-pattern\" style=\"background-image:  url();opacity: 0.15 ;background-size:3%;mix-blend-mode:normal;\"><\/div><div class=\"fusion-builder-row fusion-row fusion-flex-align-items-center fusion-flex-content-wrap\" style=\"max-width:1248px;margin-left: calc(-4% \/ 2 );margin-right: calc(-4% \/ 2 );\"><div class=\"fusion-layout-column fusion_builder_column fusion-builder-column-0 fusion_builder_column_1_1 1_1 fusion-flex-column fusion-animated\" style=\"--awb-padding-bottom-medium:0px;--awb-bg-size:cover;--awb-width-large:100%;--awb-margin-top-large:400px;--awb-spacing-right-large:1.92%;--awb-margin-bottom-large:0px;--awb-spacing-left-large:0px;--awb-width-medium:66.666666666667%;--awb-order-medium:0;--awb-spacing-right-medium:2.88%;--awb-spacing-left-medium:20px;--awb-width-small:100%;--awb-order-small:0;--awb-margin-top-small:100px;--awb-spacing-right-small:1.92%;--awb-margin-bottom-small:51px;--awb-spacing-left-small:20px;\" data-animationType=\"fadeInRight\" data-animationDuration=\"1.3\" data-animationOffset=\"top-into-view\" data-scroll-devices=\"small-visibility,medium-visibility,large-visibility\"><div class=\"fusion-column-wrapper fusion-column-has-shadow fusion-flex-justify-content-flex-start fusion-content-layout-column\"><div class=\"fusion-title title fusion-title-1 fusion-no-small-visibility fusion-sep-none fusion-title-text fusion-title-size-one\" style=\"--awb-text-color:var(--awb-color1);--awb-margin-bottom:30px;--awb-font-size:var(--awb-typography1-font-size);\"><h1 class=\"fusion-title-heading title-heading-left\" style=\"font-family:&quot;Barlow&quot;;font-style:normal;font-weight:300;margin:0;font-size:1em;letter-spacing:var(--awb-typography1-letter-spacing);text-transform:var(--awb-typography1-text-transform);line-height:var(--awb-typography1-line-height);\">De luxe a la vida amb un paquet de golf!<\/h1><\/div><div class=\"fusion-title title fusion-title-2 fusion-no-medium-visibility fusion-no-large-visibility fusion-sep-none fusion-title-text fusion-title-size-one\" style=\"--awb-text-color:var(--awb-color1);--awb-margin-bottom:30px;--awb-font-size:24px;\"><h1 class=\"fusion-title-heading title-heading-left\" style=\"font-family:&quot;Barlow&quot;;font-style:normal;font-weight:300;margin:0;font-size:1em;letter-spacing:var(--awb-typography1-letter-spacing);text-transform:var(--awb-typography1-text-transform);line-height:var(--awb-typography1-line-height);\">De luxe a la vida amb un paquet de golf!<\/h1><\/div><\/div><\/div><\/div><\/div><div class=\"fusion-fullwidth fullwidth-box fusion-builder-row-2 fusion-flex-container has-pattern-background has-mask-background nonhundred-percent-fullwidth non-hundred-percent-height-scrolling\" style=\"--awb-background-position:left top;--awb-border-sizes-top:0px;--awb-border-sizes-bottom:0px;--awb-border-sizes-left:0px;--awb-border-sizes-right:0px;--awb-border-radius-top-left:0px;--awb-border-radius-top-right:0px;--awb-border-radius-bottom-right:0px;--awb-border-radius-bottom-left:0px;--awb-padding-top:50px;--awb-padding-bottom:50px;--awb-padding-top-medium:90px;--awb-padding-bottom-medium:90px;--awb-padding-top-small:50px;--awb-padding-bottom-small:0px;--awb-margin-bottom-medium:0px;--awb-margin-top-small:0px;--awb-background-color:var(--awb-color1);--awb-flex-wrap:wrap;\" ><div class=\"fusion-builder-row fusion-row fusion-flex-align-items-stretch fusion-flex-justify-content-center fusion-flex-content-wrap\" style=\"max-width:calc( 1200px + 100px );margin-left: calc(-100px \/ 2 );margin-right: calc(-100px \/ 2 );\"><div class=\"fusion-layout-column fusion_builder_column fusion-builder-column-1 fusion_builder_column_3_4 3_4 fusion-flex-column fusion-flex-align-self-flex-start fusion-column-no-min-height fusion-animated\" style=\"--awb-bg-blend:overlay;--awb-bg-size:cover;--awb-width-large:75%;--awb-margin-top-large:0px;--awb-spacing-right-large:50px;--awb-margin-bottom-large:19px;--awb-spacing-left-large:50px;--awb-width-medium:80%;--awb-order-medium:0;--awb-spacing-right-medium:50px;--awb-spacing-left-medium:50px;--awb-width-small:100%;--awb-order-small:0;--awb-spacing-right-small:50px;--awb-margin-bottom-small:0px;--awb-spacing-left-small:50px;\" data-animationType=\"fadeIn\" data-animationDuration=\"0.8\" data-animationOffset=\"top-into-view\" data-scroll-devices=\"small-visibility,medium-visibility,large-visibility\"><div class=\"fusion-column-wrapper fusion-column-has-shadow fusion-flex-justify-content-flex-start fusion-content-layout-column\"><div class=\"fusion-title title fusion-title-3 fusion-sep-none fusion-title-text fusion-title-size-one\" style=\"--awb-font-size:36px;\"><h1 class=\"fusion-title-heading title-heading-left\" style=\"font-family:&quot;Barlow&quot;;font-style:normal;font-weight:300;margin:0;font-size:1em;\">PAQUETS HOTEL I GOLF<\/h1><\/div><\/div><\/div><div class=\"fusion-layout-column fusion_builder_column fusion-builder-column-2 fusion_builder_column_3_4 3_4 fusion-flex-column fusion-flex-align-self-flex-start fusion-column-no-min-height fusion-animated\" style=\"--awb-padding-top-small:0px;--awb-bg-blend:overlay;--awb-bg-size:cover;--awb-width-large:75%;--awb-margin-top-large:0px;--awb-spacing-right-large:50px;--awb-margin-bottom-large:60px;--awb-spacing-left-large:50px;--awb-width-medium:80%;--awb-spacing-right-medium:50px;--awb-spacing-left-medium:50px;--awb-width-small:100%;--awb-margin-top-small:0px;--awb-spacing-right-small:50px;--awb-spacing-left-small:50px;\" data-animationType=\"fadeIn\" data-animationDuration=\"0.8\" data-animationOffset=\"top-into-view\"><div class=\"fusion-column-wrapper fusion-flex-justify-content-flex-start fusion-content-layout-column\"><div class=\"fusion-title title fusion-title-4 fusion-sep-none fusion-title-text fusion-title-size-one\" style=\"--awb-margin-right:20px;--awb-margin-bottom:0px;--awb-margin-left:20px;--awb-font-size:17px;\"><h1 class=\"fusion-title-heading title-heading-left\" style=\"font-family:&quot;Barlow&quot;;font-style:normal;font-weight:300;margin:0;font-size:1em;letter-spacing:var(--awb-typography1-letter-spacing);text-transform:none;line-height:var(--awb-typography1-line-height);\"><span class=\"fusion-dropcap dropcap dropcap-boxed\" style=\"--awb-color:var(--awb-color1);--awb-background:var(--awb-custom_color_2);\">L&#8217;<\/span>Hotel Mas Gallau est\u00e0 connectat directament amb la nostra casa club. L&#8217;hotel disposa de 40 habitacions. Les habitacions s\u00f3n lluminoses, \u00e0mplies, insonoritzades i equipades amb totes les comoditats modernes, com ara aire condicionat, TV de pantalla plana, minibar i Wi-Fi gratu\u00eft. Totes les habitacions tenen un balc\u00f3 amb vistes al camp de golf, al jard\u00ed acollidor i a la piscina.<\/p>\n<p>L&#8217;hotel tamb\u00e9 disposa d&#8217;un conegut restaurant, amb un interior i un estil propi d&#8217;una masia catalana de principis del segle XX. El restaurant serveix cuina mediterr\u00e0nia tradicional d&#8217;alta qualitat amb elements internacionals, tot elaborat amb ingredients frescos i de producci\u00f3 local. El restaurant tamb\u00e9 t\u00e9 una s\u00f2lida carta de vins amb vins de producci\u00f3 local. L&#8217;hotel tamb\u00e9 serveix un bon esmorzar incl\u00f2s en tots els nostres paquets &#8220;Stay &amp; Play&#8221;.<\/p>\n<p><strong>Bona ubicaci\u00f3 a prop del Gaud\u00ed Golf &#8211; i de la ciutat de Reus<\/strong><br \/>\nLa ubicaci\u00f3 \u00e9s ideal per tenir com a base per al vostre proper viatge de golf. A m\u00e9s de jugar i practicar al nostre propi camp de golf, est\u00e0s a prop d&#8217;altres 4 camps de golf a 15 minuts amb cotxe.<\/p>\n<p>El m\u00e9s proper \u00e9s el Club de Golf Gaud\u00ed, a nom\u00e9s 10 minuts. Al Gaud\u00ed Golf Club hi ha un camp de 18 forats amb par 71, camp de pr\u00e0ctiques, zones de pr\u00e0ctica i una casa club amb restaurant. El recorregut \u00e9s variat i no tan muntany\u00f3s, la qual cosa significa que no necessiteu un carro de golf per jugar. Els forats s\u00f3n variats amb diversos obstacles d&#8217;aigua, b\u00fanquers ben situats i, de vegades, carrers estrets. Els greens s\u00f3n bons i la col\u00b7locaci\u00f3 de banderes solen ser dif\u00edcils.<\/p>\n<p>Despr\u00e9s de la ronda, s&#8217;ha de gaudir d&#8217;un got o dos de vermut, un bol d&#8217;olives i una bossa de patates fregides amb salsa acompanyada. \u00c9s una especialitat de la poblaci\u00f3 de Reus, que es troba a nom\u00e9s 5 minuts del camp de golf, i que \u00e9s la ciutat natal del vermut. A Reus hi trobareu diferents productors, com ara Miro, Iris i Yzaguirre per citar-ne alguns.<\/p>\n<p><strong>Infinitum Golf ofereix 3 camps diferents<\/strong><br \/>\nA 15 minuts amb cotxe de GolfStar Cambrils hi ha Infinitum Golf (abans Lumine Golf) amb els seus tres camps de golf. Aqu\u00ed trobareu el camp Hills (18 forats), Lakes (18 forats) i Ruins (9 forats). Per a aquells que heu estat aqu\u00ed abans, sabeu que hi ha dos clubs diferents. Un a Hills i un altre a Lakes. A tots dos hi ha botigues de golf ben prove\u00efdes, vestidors i restaurants. Al costat de les cases club tamb\u00e9 hi ha camps de pr\u00e0ctiques i zones de pr\u00e0ctica.<\/p>\n<p>Infinitum \u00e9s tamb\u00e9 la seu cada tardor de l&#8217;etapa final de l&#8217;Escola de Qualificaci\u00f3 del Tour Europeu. Es tracta d&#8217;una de les competicions de golf m\u00e9s dram\u00e0tiques i nervioses del m\u00f3n, on les estrelles del dem\u00e0 competeixen contra professionals consolidats amb l&#8217;esperan\u00e7a d&#8217;aconseguir un estatus complet al DP World Tour per a la temporada vinent.<\/p>\n<p>Dissenyat per Greg Norman i mesurant aproximadament 7.000 iardes de la camiseta del campionat, el Lakes Course compta amb aigua que entra en joc en 13 forats. Incl\u00f2s el forat d&#8217;arribada, un par-5 de 480 metres, fent d&#8217;aquest forat un final emocionant per a totes les rondes de golf que es juguen aqu\u00ed.<\/p>\n<p>L&#8217;altre camp de 18 forats, el Hills Course, es juga en un paisatge ondulat amb cortines d&#8217;arbres al llarg dels forats. On es pot arribar al forat 18 directament des del tee amb una unitat perfecta. Per\u00f2 despr\u00e9s us heu d&#8217;assegurar d&#8217;evitar el gran obstacle d&#8217;aigua i diversos b\u00fanquers davant del green.<\/p>\n<p>A m\u00e9s, hi ha el delici\u00f3s camp de 9 forats, el Ruins Course, que es juga entre ru\u00efnes romanes i us recorda la hist\u00f2ria de la regi\u00f3.<\/p>\n<p>Si jugueu al Hills Course, assegureu-vos de resumir la puntuaci\u00f3 d&#8217;avui a la terrassa amb una pizza acabada de fer i alguna cosa freda per beure. Al mateix temps, podreu gaudir de la fant\u00e0stica vista del forat 18 i dels parcs tem\u00e0tics PortAventura i Ferrari Land.<\/p>\n<p><strong>Sol i nataci\u00f3 &#8211; i menjar i beure<\/strong><br \/>\nSi teniu ganes de fer alguna cosa que no sigui jugar al golf, les meravelloses platges de Cambrils s\u00f3n a nom\u00e9s 2 km de l&#8217;hotel. Cambrils es troba a la costa i t\u00e9 una llarga traject\u00f2ria com a poble de pescadors. A dia d&#8217;avui, el comer\u00e7 de peix \u00e9s fonamental per a la zona. Cambrils \u00e9s el lloc perfecte per gaudir del sol despr\u00e9s de la partida de golf en un dels bars i restaurants a l&#8217;aire lliure del pintoresc passeig mar\u00edtim. La seva proximitat al mar tamb\u00e9 fa que a les cartes dels restaurants de la ciutat es pugui trobar abundant peix i marisc.<\/p>\n<p>Si voleu alguns consells de restaurants, us podem recomanar una visita, entre d&#8217;altres, a Llop del Mar, Restaurant Germans Miquel&#8217;s, Restaurant La Confraria o Restaurant Club N\u00e0utic. Despr\u00e9s de sopar, podeu acabar la nit amb una visita a la vinoteca Beure&#8217;t, on trobareu una gran selecci\u00f3 de vins locals abans de tornar a l&#8217;hotel.<\/p>\n<p>Si t&#8217;interessa el vi, has de visitar les contrades vin\u00edcoles, Montsant o Priorat, que es troben a 35 km. Aprofiteu per visitar el celler Bell Cros propietat de la parella sueca Ann i Peter Skoglund i situat a la localitat de Falset. L&#8217;ambici\u00f3 de Bell Cro \u00e9s ser un dels cinc millors productors de vi de la DO Montsant i organitzen diferents tipus de tasts de vins i val la pena visitar-los.<\/p>\n<span class=\"fusion-dropcap dropcap dropcap-boxed\" style=\"--awb-color:var(--awb-color1);--awb-background:var(--awb-custom_color_2);\"><strong>R<\/strong><\/span><strong>eserva el teu paquet &#8220;Stay &amp; Play&#8221; avui!<br \/>\n<\/strong>Us allotgeu a l&#8217;hotel Mas Gallau, al costat del GolfStar Cambrils. Aqu\u00ed pots jugar i practicar tant com vulguis durant la teva estada. Els nostres paquets &#8220;Stay &amp; Play&#8221; tamb\u00e9 inclouen jocs al Gaud\u00ed Golf Club (18 forats) i Infinitum Golf (Hills 18 forats, Lakes 18 forats i Ruins 9 forats), la qual cosa permet gaudir de diferents tipus d&#8217;experi\u00e8ncies de golf i una gran varietat de camps de golf. durant la teva estada amb nosaltres.<\/p>\n<p><strong>Els nostres paquets de golf<\/strong><br \/>\n3 nits i 2 green fees (1 Gaudi GC + 1 Infinitum). Preu des de 314\u20ac\/persona.<br \/>\n4 nits i 3 green fees (1 Gaudi GC + 2 Infinitum): Preu des de 476\u20ac\/persona.<br \/>\n5 nits i 4 green fees (2 Gaudi GC + 2 Infinitum):\u00a0 Preu des de 569\u20ac\/persona.<br \/>\n7 nits i 5 green fees (3 Gaudi GC + 2 Infinitum):\u00a0 Preu des de 721\u20ac\/persona.<\/p>\n<p>Reserva el teu paquet aqu\u00ed.<\/p><\/h1><\/div><\/div><\/div><\/div><\/div><\/p>\n","protected":false},"excerpt":{"rendered":"","protected":false},"author":1,"featured_media":0,"parent":0,"menu_order":0,"comment_status":"closed","ping_status":"closed","template":"100-width.php","meta":{"footnotes":""},"_links":{"self":[{"href":"https:\/\/golfstarcambrils.se\/ca\/wp-json\/wp\/v2\/pages\/3493"}],"collection":[{"href":"https:\/\/golfstarcambrils.se\/ca\/wp-json\/wp\/v2\/pages"}],"about":[{"href":"https:\/\/golfstarcambrils.se\/ca\/wp-json\/wp\/v2\/types\/page"}],"author":[{"embeddable":true,"href":"https:\/\/golfstarcambrils.se\/ca\/wp-json\/wp\/v2\/users\/1"}],"replies":[{"embeddable":true,"href":"https:\/\/golfstarcambrils.se\/ca\/wp-json\/wp\/v2\/comments?post=3493"}],"version-history":[{"count":8,"href":"https:\/\/golfstarcambrils.se\/ca\/wp-json\/wp\/v2\/pages\/3493\/revisions"}],"predecessor-version":[{"id":4372,"href":"https:\/\/golfstarcambrils.se\/ca\/wp-json\/wp\/v2\/pages\/3493\/revisions\/4372"}],"wp:attachment":[{"href":"https:\/\/golfstarcambrils.se\/ca\/wp-json\/wp\/v2\/media?parent=3493"}],"curies":[{"name":"wp","href":"https:\/\/api.w.org\/{rel}","templated":true}]}}